{"id":79,"date":"2023-01-13T12:03:13","date_gmt":"2023-01-13T11:03:13","guid":{"rendered":"https:\/\/devpahage.center.xpertus-hosting.de\/en\/?page_id=79"},"modified":"2023-01-13T14:53:58","modified_gmt":"2023-01-13T13:53:58","slug":"pre-cast-shapes-ladle","status":"publish","type":"page","link":"https:\/\/pahage.de\/en\/pre-cast-shapes-ladle\/","title":{"rendered":"product &#8211; pre-cast shapes ladle"},"content":{"rendered":"\t\t<div data-elementor-type=\"wp-page\" data-elementor-id=\"79\" class=\"elementor elementor-79\">\n\t\t\t\t\t\t<section class=\"elementor-section elementor-top-section elementor-element elementor-element-91fc517 elementor-section-boxed elementor-section-height-default elementor-section-height-default\" data-id=\"91fc517\" data-element_type=\"section\" data-e-type=\"section\">\n\t\t\t\t\t\t<div class=\"elementor-container elementor-column-gap-default\">\n\t\t\t\t\t<div class=\"elementor-column elementor-col-100 elementor-top-column elementor-element elementor-element-6321219\" data-id=\"6321219\" data-element_type=\"column\" data-e-type=\"column\">\n\t\t\t<div class=\"elementor-widget-wrap elementor-element-populated\">\n\t\t\t\t\t\t<div class=\"elementor-element elementor-element-319b738 elementor-widget elementor-widget-heading\" data-id=\"319b738\" data-element_type=\"widget\" data-e-type=\"widget\" data-widget_type=\"heading.default\">\n\t\t\t\t<div class=\"elementor-widget-container\">\n\t\t\t\t\t<h2 class=\"elementor-heading-title elementor-size-default\">Pre-cast Shapes Ladle<\/h2>\t\t\t\t<\/div>\n\t\t\t\t<\/div>\n\t\t\t\t<div class=\"elementor-element elementor-element-ffdb2d5 elementor-widget-divider--view-line elementor-widget elementor-widget-divider\" data-id=\"ffdb2d5\" data-element_type=\"widget\" data-e-type=\"widget\" data-widget_type=\"divider.default\">\n\t\t\t\t<div class=\"elementor-widget-container\">\n\t\t\t\t\t\t\t<div class=\"elementor-divider\">\n\t\t\t<span class=\"elementor-divider-separator\">\n\t\t\t\t\t\t<\/span>\n\t\t<\/div>\n\t\t\t\t\t\t<\/div>\n\t\t\t\t<\/div>\n\t\t\t\t<div class=\"elementor-element elementor-element-8b99808 elementor-widget elementor-widget-text-editor\" data-id=\"8b99808\" data-element_type=\"widget\" data-e-type=\"widget\" data-widget_type=\"text-editor.default\">\n\t\t\t\t<div class=\"elementor-widget-container\">\n\t\t\t\t\t\t\t\t\t<p><span style=\"text-decoration: underline;\"><strong>Slide Gate Plates<\/strong><\/span><br \/>Bei Schiebersystemen bietet die PAHAGE optimale L\u00f6sungen f\u00fcr Schieberplatten sowie alle n\u00f6tigen Komponenten, die ihr System sicher und zuverl\u00e4ssig machen.<\/p>\t\t\t\t\t\t\t\t<\/div>\n\t\t\t\t<\/div>\n\t\t\t\t<div class=\"elementor-element elementor-element-6612bc2 elementor-widget elementor-widget-image\" data-id=\"6612bc2\" data-element_type=\"widget\" data-e-type=\"widget\" data-widget_type=\"image.default\">\n\t\t\t\t<div class=\"elementor-widget-container\">\n\t\t\t\t\t\t\t\t\t\t\t\t\t\t\t<img fetchpriority=\"high\" decoding=\"async\" width=\"1024\" height=\"237\" src=\"https:\/\/pahage.de\/en\/wp-content\/uploads\/sites\/2\/2023\/01\/2-1024x237.png\" class=\"attachment-large size-large wp-image-129\" alt=\"\" srcset=\"https:\/\/pahage.de\/en\/wp-content\/uploads\/sites\/2\/2023\/01\/2-1024x237.png 1024w, https:\/\/pahage.de\/en\/wp-content\/uploads\/sites\/2\/2023\/01\/2-300x69.png 300w, https:\/\/pahage.de\/en\/wp-content\/uploads\/sites\/2\/2023\/01\/2-768x178.png 768w, https:\/\/pahage.de\/en\/wp-content\/uploads\/sites\/2\/2023\/01\/2.png 1080w\" sizes=\"(max-width: 1024px) 100vw, 1024px\" \/>\t\t\t\t\t\t\t\t\t\t\t\t\t\t\t<\/div>\n\t\t\t\t<\/div>\n\t\t\t\t<div class=\"elementor-element elementor-element-2f3bd38 elementor-widget elementor-widget-text-editor\" data-id=\"2f3bd38\" data-element_type=\"widget\" data-e-type=\"widget\" data-widget_type=\"text-editor.default\">\n\t\t\t\t<div class=\"elementor-widget-container\">\n\t\t\t\t\t\t\t\t\t<p><span style=\"text-decoration: underline;\"><strong>CSB\u00ae \u2013 Clean Steel Block<\/strong><\/span><br \/>Our CSB\u00ae combines purging elements and ladle wellblock to avoid slag carry-over from ladle to tundish.<\/p>\t\t\t\t\t\t\t\t<\/div>\n\t\t\t\t<\/div>\n\t\t\t\t<div class=\"elementor-element elementor-element-3b7c4ce elementor-widget elementor-widget-text-editor\" data-id=\"3b7c4ce\" data-element_type=\"widget\" data-e-type=\"widget\" data-widget_type=\"text-editor.default\">\n\t\t\t\t<div class=\"elementor-widget-container\">\n\t\t\t\t\t\t\t\t\t<p><strong>Benefits with CSB\u00ae:<\/strong><\/p><ul><li>Higher yield<\/li><li>Reducing of clogging<\/li><li>Minimizing of non-metallic inclusions<\/li><li>Bubbling with low argon flow<\/li><li><span style=\"font-style: inherit; font-weight: inherit; color: var( --e-global-color-text ); font-family: var( --e-global-typography-text-font-family ), Sans-serif; background-color: var(--ast-global-color-5);\">Increasing of self opening rate<\/span><\/li><li>Less devaluating of transmission steel<\/li><\/ul>\t\t\t\t\t\t\t\t<\/div>\n\t\t\t\t<\/div>\n\t\t\t\t<div class=\"elementor-element elementor-element-f19a91c elementor-widget elementor-widget-image\" data-id=\"f19a91c\" data-element_type=\"widget\" data-e-type=\"widget\" data-widget_type=\"image.default\">\n\t\t\t\t<div class=\"elementor-widget-container\">\n\t\t\t\t\t\t\t\t\t\t\t\t\t\t\t<img decoding=\"async\" width=\"1024\" height=\"237\" src=\"https:\/\/pahage.de\/en\/wp-content\/uploads\/sites\/2\/2023\/01\/1-1024x237.png\" class=\"attachment-large size-large wp-image-128\" alt=\"\" srcset=\"https:\/\/pahage.de\/en\/wp-content\/uploads\/sites\/2\/2023\/01\/1-1024x237.png 1024w, https:\/\/pahage.de\/en\/wp-content\/uploads\/sites\/2\/2023\/01\/1-300x69.png 300w, https:\/\/pahage.de\/en\/wp-content\/uploads\/sites\/2\/2023\/01\/1-768x178.png 768w, https:\/\/pahage.de\/en\/wp-content\/uploads\/sites\/2\/2023\/01\/1.png 1080w\" sizes=\"(max-width: 1024px) 100vw, 1024px\" \/>\t\t\t\t\t\t\t\t\t\t\t\t\t\t\t<\/div>\n\t\t\t\t<\/div>\n\t\t\t\t\t<\/div>\n\t\t<\/div>\n\t\t\t\t\t<\/div>\n\t\t<\/section>\n\t\t\t\t<\/div>\n\t\t","protected":false},"excerpt":{"rendered":"<p>Pre-cast Shapes Ladle Slide Gate PlatesBei Schiebersystemen bietet die PAHAGE optimale L\u00f6sungen f\u00fcr Schieberplatten sowie alle n\u00f6tigen Komponenten, die ihr System sicher und zuverl\u00e4ssig machen. CSB\u00ae \u2013 Clean Steel BlockOur CSB\u00ae combines purging elements and ladle wellblock to avoid slag carry-over from ladle to tundish. Benefits with CSB\u00ae: Higher yield Reducing of clogging Minimizing of [&hellip;]<\/p>\n","protected":false},"author":1,"featured_media":0,"parent":0,"menu_order":0,"comment_status":"closed","ping_status":"closed","template":"elementor_header_footer","meta":{"site-sidebar-layout":"no-sidebar","site-content-layout":"page-builder","ast-site-content-layout":"default","site-content-style":"default","site-sidebar-style":"default","ast-global-header-display":"","ast-banner-title-visibility":"","ast-main-header-display":"","ast-hfb-above-header-display":"","ast-hfb-below-header-display":"","ast-hfb-mobile-header-display":"","site-post-title":"disabled","ast-breadcrumbs-content":"","ast-featured-img":"disabled","footer-sml-layout":"","ast-disable-related-posts":"","theme-transparent-header-meta":"","adv-header-id-meta":"","stick-header-meta":"","header-above-stick-meta":"","header-main-stick-meta":"","header-below-stick-meta":"","astra-migrate-meta-layouts":"default","ast-page-background-enabled":"default","ast-page-background-meta":{"desktop":{"background-color":"var(--ast-global-color-4)","background-image":"","background-repeat":"repeat","background-position":"center center","background-size":"auto","background-attachment":"scroll","background-type":"","background-media":"","overlay-type":"","overlay-color":"","overlay-opacity":"","overlay-gradient":""},"tablet":{"background-color":"","background-image":"","background-repeat":"repeat","background-position":"center center","background-size":"auto","background-attachment":"scroll","background-type":"","background-media":"","overlay-type":"","overlay-color":"","overlay-opacity":"","overlay-gradient":""},"mobile":{"background-color":"","background-image":"","background-repeat":"repeat","background-position":"center center","background-size":"auto","background-attachment":"scroll","background-type":"","background-media":"","overlay-type":"","overlay-color":"","overlay-opacity":"","overlay-gradient":""}},"ast-content-background-meta":{"desktop":{"background-color":"var(--ast-global-color-5)","background-image":"","background-repeat":"repeat","background-position":"center center","background-size":"auto","background-attachment":"scroll","background-type":"","background-media":"","overlay-type":"","overlay-color":"","overlay-opacity":"","overlay-gradient":""},"tablet":{"background-color":"var(--ast-global-color-5)","background-image":"","background-repeat":"repeat","background-position":"center center","background-size":"auto","background-attachment":"scroll","background-type":"","background-media":"","overlay-type":"","overlay-color":"","overlay-opacity":"","overlay-gradient":""},"mobile":{"background-color":"var(--ast-global-color-5)","background-image":"","background-repeat":"repeat","background-position":"center center","background-size":"auto","background-attachment":"scroll","background-type":"","background-media":"","overlay-type":"","overlay-color":"","overlay-opacity":"","overlay-gradient":""}},"footnotes":""},"class_list":["post-79","page","type-page","status-publish","hentry"],"_links":{"self":[{"href":"https:\/\/pahage.de\/en\/wp-json\/wp\/v2\/pages\/79","targetHints":{"allow":["GET"]}}],"collection":[{"href":"https:\/\/pahage.de\/en\/wp-json\/wp\/v2\/pages"}],"about":[{"href":"https:\/\/pahage.de\/en\/wp-json\/wp\/v2\/types\/page"}],"author":[{"embeddable":true,"href":"https:\/\/pahage.de\/en\/wp-json\/wp\/v2\/users\/1"}],"replies":[{"embeddable":true,"href":"https:\/\/pahage.de\/en\/wp-json\/wp\/v2\/comments?post=79"}],"version-history":[{"count":13,"href":"https:\/\/pahage.de\/en\/wp-json\/wp\/v2\/pages\/79\/revisions"}],"predecessor-version":[{"id":218,"href":"https:\/\/pahage.de\/en\/wp-json\/wp\/v2\/pages\/79\/revisions\/218"}],"wp:attachment":[{"href":"https:\/\/pahage.de\/en\/wp-json\/wp\/v2\/media?parent=79"}],"curies":[{"name":"wp","href":"https:\/\/api.w.org\/{rel}","templated":true}]}}