{"id":114,"date":"2023-01-13T12:08:59","date_gmt":"2023-01-13T11:08:59","guid":{"rendered":"https:\/\/devpahage.center.xpertus-hosting.de\/en\/?page_id=114"},"modified":"2023-02-27T14:51:14","modified_gmt":"2023-02-27T13:51:14","slug":"disclaimer","status":"publish","type":"page","link":"https:\/\/pahage.de\/en\/disclaimer\/","title":{"rendered":"disclaimer"},"content":{"rendered":"\t\t<div data-elementor-type=\"wp-page\" data-elementor-id=\"114\" class=\"elementor elementor-114\">\n\t\t\t\t\t\t<section class=\"elementor-section elementor-top-section elementor-element elementor-element-91d9100 elementor-section-boxed elementor-section-height-default elementor-section-height-default\" data-id=\"91d9100\" data-element_type=\"section\" data-e-type=\"section\">\n\t\t\t\t\t\t<div class=\"elementor-container elementor-column-gap-default\">\n\t\t\t\t\t<div class=\"elementor-column elementor-col-100 elementor-top-column elementor-element elementor-element-d3ee02c\" data-id=\"d3ee02c\" data-element_type=\"column\" data-e-type=\"column\">\n\t\t\t<div class=\"elementor-widget-wrap elementor-element-populated\">\n\t\t\t\t\t\t<div class=\"elementor-element elementor-element-88b46b5 elementor-widget elementor-widget-text-editor\" data-id=\"88b46b5\" data-element_type=\"widget\" data-e-type=\"widget\" data-widget_type=\"text-editor.default\">\n\t\t\t\t<div class=\"elementor-widget-container\">\n\t\t\t\t\t\t\t\t\t<header class=\"entry-header\"><h1 class=\"entry-title\">Disclaimer<\/h1><\/header><div class=\"entry-content\"><h2><span id=\"result_box\" class=\"\" lang=\"en\"><span title=\"1. Warnhinweis zu Inhalten \">1. Warning to content<\/span><\/span><\/h2><p><span title=\"Die kostenlosen und frei zug\u00e4nglichen Inhalte dieser Webseite wurden mit gr\u00f6\u00dftm\u00f6glicher Sorgfalt erstellt.\">The free and freely accessible contents of this website were created with utmost care.\u00a0<\/span><span title=\"Der Anbieter dieser Webseite \u00fcbernimmt jedoch keine Gew\u00e4hr f\u00fcr die Richtigkeit und Aktualit\u00e4t der bereitgestellten kostenlosen und frei zug\u00e4nglichen journalistischen Ratgeber und Nachrichten.\">The provider of this site is not responsible for the accuracy and timeliness of the free and freely accessible journalistic advisor and news.\u00a0<\/span><span title=\"Die Nutzung dieser Webseiteninhalte erfolgt auf eigene Gefahr.\">The use of this website contents is at your own risk.\u00a0<\/span><span title=\"Allein durch den Aufruf dieser kostenlosen und frei zug\u00e4nglichen Inhalte kommt keinerlei Vertragsverh\u00e4ltnis zwischen dem Nutzer und dem Anbieter zustande, insoweit fehlt es am Rechtsbindungswillen des Anbieters. \">But by calling this free and open-access content is no contractual relationship between the user and the provider, insofar as it lacks the legal binding will of the party.<\/span><\/p><h2><span title=\"2. Verlinkungen \">2. links<\/span><\/h2><p><span title=\"Die Webseite enth\u00e4lt Verlinkungen zu anderen Webseiten (&quot;externe Links&quot;).\">The website contains links to other websites ( \u201cexternal links\u201d).\u00a0<\/span><span title=\"Diese Webseiten unterliegen der Haftung der jeweiligen Seitenbetreiber.\">These websites are the responsibility of the respective site operator.\u00a0<\/span><span title=\"Bei Verkn\u00fcpfung der externen Links waren keine Rechtsverst\u00f6\u00dfe ersichtlich.\">When the external links no violations were found.\u00a0<\/span><span title=\"Auf die aktuelle und k\u00fcnftige Gestaltung der verlinkten Seiten hat der Anbieter keinen Einfluss.\">On the current and future design of the linked pages the provider has no influence.\u00a0<\/span><span title=\"Die permanente \u00dcberpr\u00fcfung der externen Links ist f\u00fcr den Anbieter ohne konkrete Hinweise auf Rechtsverst\u00f6\u00dfe nicht zumutbar.\">The ongoing review of the external links is for the provider without concrete evidence of violations.\u00a0<\/span><span title=\"Bei Bekanntwerden von Rechtsverst\u00f6\u00dfen werden die betroffenen externen Links unverz\u00fcglich gel\u00f6scht. \">Upon notification of rights violations the affected external links will be deleted immediately.<br \/><\/span><\/p><h2><span title=\"3. Urheberrecht \/ Leistungsschutzrecht \">3. Copyright \/ intellectual property right<\/span><\/h2><p><span title=\"Die auf dieser Webseite durch den Anbieter ver\u00f6ffentlichten Inhalte unterliegen dem deutschen Urheberrecht und Leistungsschutzrecht.\">The on this website published by the provider are subject to German copyright and ancillary copyright law.\u00a0<\/span><span title=\"Alle vom deutschen Urheber- und Leistungsschutzrecht nicht zugelassene Verwertung bedarf der vorherigen schriftlichen Zustimmung des Anbieters oder jeweiligen Rechteinhabers.\">Any use not permitted by German copyright and ancillary copyright law requires the prior written consent of the provider or their respective owners.\u00a0<\/span><span title=\"Dies gilt vor allem f\u00fcr Vervielf\u00e4ltigung, Bearbeitung, \u00dcbersetzung, Einspeicherung, Verarbeitung bzw. Wiedergabe von Inhalten in Datenbanken oder anderen elektronischen Medien und Systemen.\">This is especially true for copying, editing, translation, storage, processing or reproduction of content in databases or other electronic media and systems.\u00a0<\/span><span title=\"Dabei sind Inhalte und Rechte Dritter als solche gekennzeichnet.\">Here content and rights of third parties are marked as such.\u00a0<\/span><span title=\"Das unerlaubte Kopieren der Webseiteninhalte oder der kompletten Webseite ist nicht gestattet und strafbar.\">The unauthorized copying of website content or the entire web site is not permitted and punishable.\u00a0<\/span><span title=\"Lediglich die Herstellung von Kopien und Downloads f\u00fcr den pers\u00f6nlichen, privaten und nicht kommerziellen Gebrauch ist erlaubt. \">Only the production of copies and downloads for personal, private and not commercial use is permitted.<\/span><\/p><p><span title=\"Diese Website darf ohne schriftliche Erlaubnis nicht durch Dritte in Frames oder iFrames dargestellt werden. \">This website may not be represented by a third party in frames or iframes without written permission.<br \/><\/span><\/p><h2><span title=\"4. Keine Werbung \">4. No advertising<\/span><\/h2><p><span title=\"Die Verwendung der Kontaktdaten des Impressums zur gewerblichen Werbung ist ausdr\u00fccklich nicht erw\u00fcnscht, es sei denn der Anbieter hatte zuvor seine schriftliche Einwilligung erteilt oder es besteht bereits eine Gesch\u00e4ftsbeziehung.\">The use of contact information for commercial advertising is expressly not desired, unless the provider has given his written consent or there is already a business relationship.\u00a0<\/span><span title=\"Der Anbieter und alle auf dieser Website genannten Personen widersprechen hiermit jeder kommerziellen Verwendung und Weitergabe ihrer Daten. \">The provider and all persons named on this website contradict every commercial use and disclosure of their data.<br \/><\/span><\/p><h2><span title=\"5. Besondere Nutzungsbedingungen \">5. Special Terms<\/span><\/h2><p><span title=\"Soweit besondere Bedingungen f\u00fcr einzelne Nutzungen dieser Website von den vorgenannten Nummern 1. bis 4. abweichen, wird an entsprechender Stelle ausdr\u00fccklich darauf hingewiesen.\">If special conditions for individual uses of this website deviate from the aforementioned numbers 1 to 4, this will be explicitly stated at the appropriate place.\u00a0<\/span><span title=\"In diesem Falle gelten im jeweiligen Einzelfall die besonderen Bedingungen. \">In this case apply in each case the specific conditions.<\/span><\/p><\/div>\t\t\t\t\t\t\t\t<\/div>\n\t\t\t\t<\/div>\n\t\t\t\t\t<\/div>\n\t\t<\/div>\n\t\t\t\t\t<\/div>\n\t\t<\/section>\n\t\t\t\t<\/div>\n\t\t","protected":false},"excerpt":{"rendered":"<p>Disclaimer 1. Warning to content The free and freely accessible contents of this website were created with utmost care.\u00a0The provider of this site is not responsible for the accuracy and timeliness of the free and freely accessible journalistic advisor and news.\u00a0The use of this website contents is at your own risk.\u00a0But by calling this free [&hellip;]<\/p>\n","protected":false},"author":1,"featured_media":0,"parent":0,"menu_order":0,"comment_status":"closed","ping_status":"closed","template":"elementor_header_footer","meta":{"site-sidebar-layout":"no-sidebar","site-content-layout":"page-builder","ast-site-content-layout":"default","site-content-style":"default","site-sidebar-style":"default","ast-global-header-display":"","ast-banner-title-visibility":"","ast-main-header-display":"","ast-hfb-above-header-display":"","ast-hfb-below-header-display":"","ast-hfb-mobile-header-display":"","site-post-title":"disabled","ast-breadcrumbs-content":"","ast-featured-img":"disabled","footer-sml-layout":"","ast-disable-related-posts":"","theme-transparent-header-meta":"","adv-header-id-meta":"","stick-header-meta":"","header-above-stick-meta":"","header-main-stick-meta":"","header-below-stick-meta":"","astra-migrate-meta-layouts":"default","ast-page-background-enabled":"default","ast-page-background-meta":{"desktop":{"background-color":"var(--ast-global-color-4)","background-image":"","background-repeat":"repeat","background-position":"center center","background-size":"auto","background-attachment":"scroll","background-type":"","background-media":"","overlay-type":"","overlay-color":"","overlay-opacity":"","overlay-gradient":""},"tablet":{"background-color":"","background-image":"","background-repeat":"repeat","background-position":"center center","background-size":"auto","background-attachment":"scroll","background-type":"","background-media":"","overlay-type":"","overlay-color":"","overlay-opacity":"","overlay-gradient":""},"mobile":{"background-color":"","background-image":"","background-repeat":"repeat","background-position":"center center","background-size":"auto","background-attachment":"scroll","background-type":"","background-media":"","overlay-type":"","overlay-color":"","overlay-opacity":"","overlay-gradient":""}},"ast-content-background-meta":{"desktop":{"background-color":"var(--ast-global-color-5)","background-image":"","background-repeat":"repeat","background-position":"center center","background-size":"auto","background-attachment":"scroll","background-type":"","background-media":"","overlay-type":"","overlay-color":"","overlay-opacity":"","overlay-gradient":""},"tablet":{"background-color":"var(--ast-global-color-5)","background-image":"","background-repeat":"repeat","background-position":"center center","background-size":"auto","background-attachment":"scroll","background-type":"","background-media":"","overlay-type":"","overlay-color":"","overlay-opacity":"","overlay-gradient":""},"mobile":{"background-color":"var(--ast-global-color-5)","background-image":"","background-repeat":"repeat","background-position":"center center","background-size":"auto","background-attachment":"scroll","background-type":"","background-media":"","overlay-type":"","overlay-color":"","overlay-opacity":"","overlay-gradient":""}},"footnotes":""},"class_list":["post-114","page","type-page","status-publish","hentry"],"_links":{"self":[{"href":"https:\/\/pahage.de\/en\/wp-json\/wp\/v2\/pages\/114","targetHints":{"allow":["GET"]}}],"collection":[{"href":"https:\/\/pahage.de\/en\/wp-json\/wp\/v2\/pages"}],"about":[{"href":"https:\/\/pahage.de\/en\/wp-json\/wp\/v2\/types\/page"}],"author":[{"embeddable":true,"href":"https:\/\/pahage.de\/en\/wp-json\/wp\/v2\/users\/1"}],"replies":[{"embeddable":true,"href":"https:\/\/pahage.de\/en\/wp-json\/wp\/v2\/comments?post=114"}],"version-history":[{"count":13,"href":"https:\/\/pahage.de\/en\/wp-json\/wp\/v2\/pages\/114\/revisions"}],"predecessor-version":[{"id":239,"href":"https:\/\/pahage.de\/en\/wp-json\/wp\/v2\/pages\/114\/revisions\/239"}],"wp:attachment":[{"href":"https:\/\/pahage.de\/en\/wp-json\/wp\/v2\/media?parent=114"}],"curies":[{"name":"wp","href":"https:\/\/api.w.org\/{rel}","templated":true}]}}